{"id":493,"date":"2022-02-19T20:03:30","date_gmt":"2022-02-19T20:03:30","guid":{"rendered":"https:\/\/www.oneandonly.photo\/?page_id=493"},"modified":"2026-03-11T18:11:50","modified_gmt":"2026-03-11T17:11:50","slug":"paarfotos","status":"publish","type":"page","link":"https:\/\/www.oneandonly.photo\/?page_id=493","title":{"rendered":"Paarfotos"},"content":{"rendered":"\n    \n    <section class=\"u-carousel u-carousel-duration-1500 u-slide u-block-031b-1\" id=\"carousel-e048\" data-interval=\"4000\" data-u-ride=\"carousel\" data-pause=\"false\">\n      <ol class=\"u-absolute-hcenter u-carousel-indicators u-block-031b-2\">\n        <li data-u-target=\"#carousel-e048\" class=\"u-active u-grey-30\" data-u-slide-to=\"0\"><\/li>\n        <li data-u-target=\"#carousel-e048\" class=\"u-grey-30\" data-u-slide-to=\"1\"><\/li>\n        <li data-u-target=\"#carousel-e048\" class=\"u-grey-30\" data-u-slide-to=\"2\"><\/li>\n        <li data-u-target=\"#carousel-e048\" class=\"u-grey-30\" data-u-slide-to=\"3\"><\/li>\n        <li data-u-target=\"#carousel-e048\" class=\"u-grey-30\" data-u-slide-to=\"4\"><\/li>\n        <li data-u-target=\"#carousel-e048\" class=\"u-grey-30\" data-u-slide-to=\"5\"><\/li>\n      <\/ol>\n      <div class=\"u-carousel-inner\" role=\"listbox\">\n        <div class=\"u-active u-align-center u-carousel-item u-clearfix u-image u-shading u-section-2-1\" data-image-width=\"5760\" data-image-height=\"3840\" style=\"background-image: linear-gradient(0deg, rgba(0, 0, 0, 0.25), rgba(0, 0, 0, 0.25)), url(&quot;https:\/\/www.oneandonly.photo\/wp-content\/uploads\/2022\/02\/Workshop_FrauHerz__46-3.jpg&quot;);\">\n          <div class=\"u-align-center u-container-align-center u-container-style u-group u-group-1\">\n            <div class=\"u-container-layout\">\n              <h1 class=\"u-custom-font u-text u-title u-text-1\">Paarfotos<\/h1>\n              <p class=\"u-align-center-xs u-text u-text-2\">Es gibt Menschen, die passen perfekt ins Herz.<\/p>\n            <\/div>\n          <\/div>\n        <\/div>\n        <div class=\"u-align-center u-carousel-item u-clearfix u-image u-shading u-section-2-2\" data-image-width=\"5760\" data-image-height=\"3840\" style=\"background-image: linear-gradient(0deg, rgba(0, 0, 0, 0.25), rgba(0, 0, 0, 0.25)), url(&quot;https:\/\/www.oneandonly.photo\/wp-content\/uploads\/2022\/02\/NiciLuki_049-3.jpg&quot;);\">\n          <h1 class=\"u-align-center u-custom-font u-text u-title u-text-1\">Paarfotos<\/h1>\n          <p class=\"u-align-center u-text u-text-body-alt-color u-text-2\">Es gibt Menschen, die passen perfekt ins Herz.<\/p>\n        <\/div>\n        <div class=\"u-align-center u-carousel-item u-clearfix u-image u-shading u-section-2-3\" data-image-width=\"5459\" data-image-height=\"3639\" style=\"background-image: linear-gradient(0deg, rgba(0, 0, 0, 0.25), rgba(0, 0, 0, 0.25)), url(&quot;https:\/\/www.oneandonly.photo\/wp-content\/uploads\/2022\/02\/KathaJulian-79-3.jpg&quot;);\">\n          <div class=\"u-align-center u-container-align-center u-container-style u-group u-group-1\">\n            <div class=\"u-container-layout\">\n              <h1 class=\"u-custom-font u-text u-title u-text-1\">Paarfotos<\/h1>\n              <p class=\"u-align-center u-text u-text-body-alt-color u-text-2\">Es gibt Menschen, die passen perfekt ins Herz.<\/p>\n            <\/div>\n          <\/div>\n        <\/div>\n        <div class=\"u-align-center u-carousel-item u-clearfix u-image u-shading u-section-2-4\" data-image-width=\"5760\" data-image-height=\"3840\" style=\"background-image: linear-gradient(0deg, rgba(0, 0, 0, 0.25), rgba(0, 0, 0, 0.25)), url(&quot;https:\/\/www.oneandonly.photo\/wp-content\/uploads\/2022\/02\/2020_SinaMarvin_42-3.jpg&quot;);\">\n          <div class=\"u-align-center u-container-align-center u-container-style u-group u-group-1\">\n            <div class=\"u-container-layout\">\n              <h1 class=\"u-align-center u-custom-font u-text u-title u-text-1\">Paarfotos<\/h1>\n              <p class=\"u-align-center u-text u-text-2\">Es gibt Menschen, die passen perfekt ins Herz.<\/p>\n            <\/div>\n          <\/div>\n        <\/div>\n        <div class=\"u-align-center u-carousel-item u-clearfix u-image u-shading u-section-2-5\" data-image-width=\"5186\" data-image-height=\"3457\" style=\"background-image: linear-gradient(0deg, rgba(0, 0, 0, 0.25), rgba(0, 0, 0, 0.25)), url(&quot;https:\/\/www.oneandonly.photo\/wp-content\/uploads\/2022\/02\/DaniPeter_106-3.jpg&quot;);\">\n          <div class=\"u-align-center u-container-align-center u-container-style u-group u-group-1\">\n            <div class=\"u-container-layout\">\n              <h1 class=\"u-custom-font u-text u-title u-text-1\">Paarfotos<\/h1>\n              <p class=\"u-align-center-xs u-text u-text-body-alt-color u-text-2\">Es gibt Menschen, die passen perfekt ins Herz.<\/p>\n            <\/div>\n          <\/div>\n        <\/div>\n      <\/div>\n      <a class=\"u-absolute-vcenter u-carousel-control u-carousel-control-prev u-hidden u-text-grey-30 u-block-031b-3\" href=\"#carousel-e048\" role=\"button\" data-u-slide=\"prev\"><span aria-hidden=\"true\">\n          <svg viewBox=\"0 0 477.175 477.175\"><path d=\"M145.188,238.575l215.5-215.5c5.3-5.3,5.3-13.8,0-19.1s-13.8-5.3-19.1,0l-225.1,225.1c-5.3,5.3-5.3,13.8,0,19.1l225.1,225\n                    c2.6,2.6,6.1,4,9.5,4s6.9-1.3,9.5-4c5.3-5.3,5.3-13.8,0-19.1L145.188,238.575z\"><\/path><\/svg><\/span><span class=\"sr-only\">Previous<\/span>\n      <\/a>\n      <a class=\"u-absolute-vcenter u-carousel-control u-carousel-control-next u-hidden u-text-grey-30 u-block-031b-4\" href=\"#carousel-e048\" role=\"button\" data-u-slide=\"next\"><span aria-hidden=\"true\">\n          <svg viewBox=\"0 0 477.175 477.175\"><path d=\"M360.731,229.075l-225.1-225.1c-5.3-5.3-13.8-5.3-19.1,0s-5.3,13.8,0,19.1l215.5,215.5l-215.5,215.5\n                    c-5.3,5.3-5.3,13.8,0,19.1c2.6,2.6,6.1,4,9.5,4c3.4,0,6.9-1.3,9.5-4l225.1-225.1C365.931,242.875,365.931,234.275,360.731,229.075z\"><\/path><\/svg><\/span><span class=\"sr-only\">Next<\/span>\n      <\/a>\n    <\/section>\n    <section class=\"u-clearfix u-valign-middle-md u-valign-middle-xs u-section-3\" id=\"carousel_ac15\">\n      <div class=\"u-clearfix u-sheet u-sheet-1\">\n        <div class=\"u-custom-color-2 u-expanded-height-lg u-expanded-height-md u-expanded-height-xl u-shape u-shape-rectangle u-shape-1\"><\/div>\n        <img decoding=\"async\" src=\"https:\/\/www.oneandonly.photo\/wp-content\/uploads\/2022\/02\/Workshop_FrauHerz__55-3.jpg\" alt=\"Paarfotos in Hischaid, Forchheim\" class=\"u-image u-image-default u-image-1\" data-image-width=\"3496\" data-image-height=\"2331\">\n        <div class=\"u-container-style u-custom-color-3 u-group u-group-1\">\n          <div class=\"u-container-layout u-valign-top-sm u-valign-top-xs u-container-layout-1\">\n            <h1 class=\"u-custom-font u-text u-text-custom-color-5 u-text-1\"> Zeit f\u00fcr euch&nbsp;<br>&amp; Zeit zu zweit\u200b! \n            <\/h1>\n            <p class=\"u-text u-text-custom-color-5 u-text-2\"> Es gibt nichts wertvolleres als Zeit. Und noch sch\u00f6ner ist es, die Zeit mit&nbsp;einem&nbsp;geliebten Menschen zu verbringen.<br>Wir alle haben viele Urlaubsfotos, auf denen meistens immer nur eine Person zu sehen ist.<br>Oder zahlreiche Selfies, die zwar auch witzig sind und irgendwie dazu geh\u00f6ren, aber so \u201erichtig\u201c sch\u00f6ne Fotos von sich selbst besitzen die wenigsten.<br>\n              <br>Mit echten und nat\u00fcrlichen&nbsp;Portrait-&nbsp;&amp; Paarfotos k\u00f6nnen wir gemeinsam die Zeit anhalten und f\u00fcr immer konservieren.<br>Dazu braucht es meiner Meinung nach nicht immer einen gro\u00dfen Anlass wie eine Hochzeit. Macht es f\u00fcr euch. \n            <\/p>\n          <\/div>\n        <\/div>\n        <img decoding=\"async\" src=\"https:\/\/www.oneandonly.photo\/wp-content\/uploads\/2022\/02\/KathaJulian-222-3.jpg\" alt=\"Couple Shooting Landkreis Ha\u00dfberge\" class=\"u-image u-image-default u-image-2\" data-image-width=\"3840\" data-image-height=\"5760\">\n      <\/div>\n    <\/section>\n    <section class=\"skrollable u-align-center u-clearfix u-container-align-center u-image u-parallax u-shading u-section-4\" id=\"sec-77fb\" data-image-width=\"5242\" data-image-height=\"3495\" style=\"background-image: linear-gradient(0deg, rgba(0, 0, 0, 0.3), rgba(0, 0, 0, 0.3)), url(&quot;https:\/\/www.oneandonly.photo\/wp-content\/uploads\/2022\/02\/NiciLuki_022-3.jpg&quot;);\">\n      <div class=\"u-clearfix u-sheet u-sheet-1\">\n        <h1 class=\"u-custom-font u-text u-text-1\">Herzrasen kann man nicht m\u00e4hen.<\/h1>\n      <\/div>\n    <\/section>\n    <section class=\"u-clearfix u-valign-top-lg u-valign-top-md u-section-5\" id=\"carousel_7207\">\n      <div class=\"u-custom-color-3 u-shape u-shape-rectangle u-shape-1\"><\/div>\n      <img decoding=\"async\" class=\"u-image u-image-default u-image-1\" src=\"https:\/\/www.oneandonly.photo\/wp-content\/uploads\/2022\/02\/Workshop_FrauHerz__52-3.jpg\" data-image-width=\"5760\" data-image-height=\"3840\" alt=\"Paar Fotoshooting Grafenrheinfeld\">\n      <div class=\"data-layout-selected u-clearfix u-gutter-18 u-layout-wrap u-layout-wrap-1\">\n        <div class=\"u-layout\">\n          <div class=\"u-layout-row\">\n            <div class=\"u-size-23\">\n              <div class=\"u-layout-col\">\n                <div class=\"u-container-style u-hidden-sm u-hidden-xs u-layout-cell u-right-cell u-size-30 u-layout-cell-1\">\n                  <div class=\"u-container-layout u-container-layout-1\"><\/div>\n                <\/div>\n                <div class=\"u-container-style u-image u-layout-cell u-right-cell u-size-30 u-image-2\" data-image-width=\"1051\" data-image-height=\"1576\" style=\"background-image: url(&quot;https:\/\/www.oneandonly.photo\/wp-content\/uploads\/2022\/02\/2020_SinaMarvin_81-3.jpg&quot;);\">\n                  <div class=\"u-container-layout u-container-layout-2\"><\/div>\n                <\/div>\n              <\/div>\n            <\/div>\n            <div class=\"u-size-37\">\n              <div class=\"u-layout-col\">\n                <div class=\"u-container-style u-custom-color-2 u-layout-cell u-left-cell u-shape-rectangle u-size-60 u-layout-cell-3\">\n                  <div class=\"u-container-layout u-valign-top-xs u-container-layout-3\">\n                    <h2 class=\"u-custom-font u-font-playfair-display u-text u-text-custom-color-5 u-text-1\">Menschen ber\u00fchren. Geschichten erz\u00e4hlen. Momente &amp; Emotionen f\u00fcr immer festhalten. <\/h2>\n                    <p class=\"u-text u-text-custom-color-5 u-text-2\">Gestellte und k\u00fcnstlich erzeugte Situationen sind nicht mein Ding.&nbsp;\nMir geht es darum, authentische Emotionen festzuhalten, ihr sollt euch in den Bildern wiederfinden. Ihr seid gerne albern, romantisch, ruhig, verr\u00fcckt, ...? Ich gebe euch den Raum den ihr braucht um euch wohl zu f\u00fchlen. Ich versuche in eure Seele einzutauchen, denn wenn ihr euch mir \u00f6ffnet, k\u00f6nnen magische Momente entstehen.<br>\n                    <\/p>\n                  <\/div>\n                <\/div>\n              <\/div>\n            <\/div>\n          <\/div>\n        <\/div>\n      <\/div>\n    <\/section>\n    <section class=\"skrollable u-align-center u-clearfix u-container-align-center u-image u-parallax u-section-6\" id=\"carousel_f6f9\" data-image-width=\"5760\" data-image-height=\"3840\" style=\"background-image: url(&quot;https:\/\/www.oneandonly.photo\/wp-content\/uploads\/2022\/02\/2020_SinaMarvin_08-3.jpg&quot;);\">\n      <div class=\"u-align-left u-clearfix u-sheet u-sheet-1\"><\/div>\n    <\/section>\n    \n    \n    \n  \n","protected":false},"excerpt":{"rendered":"<p>Paarfotos Es gibt Menschen, die passen perfekt ins Herz. Paarfotos Es gibt Menschen, die passen perfekt ins Herz. Paarfotos Es gibt Menschen, die passen perfekt ins Herz. Paarfotos Es gibt Menschen, die passen perfekt ins Herz. Paarfotos Es gibt Menschen, die passen perfekt ins Herz. Previous Next Zeit f\u00fcr euch&nbsp;&amp; Zeit zu zweit\u200b! Es gibt &hellip; <a href=\"https:\/\/www.oneandonly.photo\/?page_id=493\" class=\"more-link\">Continue reading<span class=\"screen-reader-text\"> &#8222;Paarfotos&#8220;<\/span><\/a><\/p>\n","protected":false},"author":1,"featured_media":0,"parent":0,"menu_order":8,"comment_status":"closed","ping_status":"closed","template":"","meta":{"om_disable_all_campaigns":false,"_monsterinsights_skip_tracking":false,"_monsterinsights_sitenote_active":false,"_monsterinsights_sitenote_note":"","_monsterinsights_sitenote_category":0,"footnotes":""},"class_list":["post-493","page","type-page","status-publish","hentry"],"aioseo_notices":[],"_links":{"self":[{"href":"https:\/\/www.oneandonly.photo\/index.php?rest_route=\/wp\/v2\/pages\/493","targetHints":{"allow":["GET"]}}],"collection":[{"href":"https:\/\/www.oneandonly.photo\/index.php?rest_route=\/wp\/v2\/pages"}],"about":[{"href":"https:\/\/www.oneandonly.photo\/index.php?rest_route=\/wp\/v2\/types\/page"}],"author":[{"embeddable":true,"href":"https:\/\/www.oneandonly.photo\/index.php?rest_route=\/wp\/v2\/users\/1"}],"replies":[{"embeddable":true,"href":"https:\/\/www.oneandonly.photo\/index.php?rest_route=%2Fwp%2Fv2%2Fcomments&post=493"}],"version-history":[{"count":2,"href":"https:\/\/www.oneandonly.photo\/index.php?rest_route=\/wp\/v2\/pages\/493\/revisions"}],"predecessor-version":[{"id":676,"href":"https:\/\/www.oneandonly.photo\/index.php?rest_route=\/wp\/v2\/pages\/493\/revisions\/676"}],"wp:attachment":[{"href":"https:\/\/www.oneandonly.photo\/index.php?rest_route=%2Fwp%2Fv2%2Fmedia&parent=493"}],"curies":[{"name":"wp","href":"https:\/\/api.w.org\/{rel}","templated":true}]}}