{"id":490,"date":"2022-02-19T20:03:27","date_gmt":"2022-02-19T20:03:27","guid":{"rendered":"https:\/\/www.oneandonly.photo\/?page_id=490"},"modified":"2026-03-11T18:09:50","modified_gmt":"2026-03-11T17:09:50","slug":"babybauch","status":"publish","type":"page","link":"https:\/\/www.oneandonly.photo\/?page_id=490","title":{"rendered":"Babybauch"},"content":{"rendered":"\n    \n    <section class=\"u-carousel u-carousel-duration-1500 u-slide u-block-2f25-1\" id=\"carousel-6548\" data-interval=\"4000\" data-u-ride=\"carousel\" data-pause=\"false\">\n      <ol class=\"u-absolute-hcenter u-carousel-indicators u-block-2f25-2\">\n        <li data-u-target=\"#carousel-6548\" class=\"u-active u-grey-30\" data-u-slide-to=\"0\"><\/li>\n        <li data-u-target=\"#carousel-6548\" class=\"u-grey-30\" data-u-slide-to=\"1\"><\/li>\n        <li data-u-target=\"#carousel-6548\" class=\"u-grey-30\" data-u-slide-to=\"2\"><\/li>\n        <li data-u-target=\"#carousel-6548\" class=\"u-grey-30\" data-u-slide-to=\"3\"><\/li>\n        <li data-u-target=\"#carousel-6548\" class=\"u-grey-30\" data-u-slide-to=\"4\"><\/li>\n        <li data-u-target=\"#carousel-6548\" class=\"u-grey-30\" data-u-slide-to=\"5\"><\/li>\n      <\/ol>\n      <div class=\"u-carousel-inner\" role=\"listbox\">\n        <div class=\"u-active u-align-center u-carousel-item u-clearfix u-image u-shading u-section-2-1\" data-image-width=\"5760\" data-image-height=\"3840\" style=\"background-image: linear-gradient(0deg, rgba(0, 0, 0, 0.25), rgba(0, 0, 0, 0.25)), url(&quot;https:\/\/www.oneandonly.photo\/wp-content\/uploads\/2022\/02\/Babybauch_Isabell_391-3.jpg&quot;);\">\n          <div class=\"u-align-center u-container-align-center u-container-style u-group u-group-1\">\n            <div class=\"u-container-layout\">\n              <h2 class=\"u-custom-font u-font-playfair-display u-text u-text-body-alt-color u-text-default u-text-1\">Babybauch<\/h2>\n              <p class=\"u-text u-text-body-alt-color u-text-2\"> Das Sch\u00f6nste an der Liebe ist, wenn aus zwei Leben&nbsp;<br>ein gemeinsames wird und aus \"Ich und Du\" ein \"\u200bWir\" entsteht \n              <\/p>\n            <\/div>\n          <\/div>\n        <\/div>\n        <div class=\"u-align-center u-carousel-item u-clearfix u-image u-shading u-section-2-2\" data-image-width=\"5136\" data-image-height=\"3424\" style=\"background-image: linear-gradient(0deg, rgba(0, 0, 0, 0.25), rgba(0, 0, 0, 0.25)), url(&quot;https:\/\/www.oneandonly.photo\/wp-content\/uploads\/2022\/02\/Babybauch_Leon_431-3.jpg&quot;);\">\n          <div class=\"u-align-center u-container-align-center u-container-style u-group u-group-1\">\n            <div class=\"u-container-layout\">\n              <h2 class=\"u-align-center u-custom-font u-font-playfair-display u-text u-text-body-alt-color u-text-1\">Babybauch<\/h2>\n              <p class=\"u-align-center u-text u-text-body-alt-color u-text-2\"> Das Sch\u00f6nste an der Liebe ist, wenn aus zwei Leben&nbsp;<br>ein gemeinsames wird und aus \"Ich und Du\" ein \"Wir\" entsteht \n              <\/p>\n            <\/div>\n          <\/div>\n        <\/div>\n        <div class=\"u-align-center u-carousel-item u-clearfix u-image u-shading u-section-2-3\" data-image-width=\"5760\" data-image-height=\"3840\" style=\"background-image: linear-gradient(0deg, rgba(0, 0, 0, 0.25), rgba(0, 0, 0, 0.25)), url(&quot;https:\/\/www.oneandonly.photo\/wp-content\/uploads\/2022\/02\/Babybauch-Daniela_023-3.jpg&quot;);\">\n          <div class=\"u-align-center u-container-align-center u-container-style u-group u-group-1\">\n            <div class=\"u-container-layout\">\n              <h2 class=\"u-custom-font u-font-playfair-display u-text u-text-body-alt-color u-text-1\">Babybauch<\/h2>\n              <p class=\"u-text u-text-body-alt-color u-text-2\"> Das Sch\u00f6nste an der Liebe ist, wenn aus zwei Leben&nbsp;<br>ein gemeinsames wird und aus \"Ich und Du\" ein \"Wir\" entsteht \n              <\/p>\n            <\/div>\n          <\/div>\n        <\/div>\n        <div class=\"u-align-left u-carousel-item u-clearfix u-image u-shading u-section-2-4\" data-image-width=\"5760\" data-image-height=\"3840\" style=\"background-image: linear-gradient(0deg, rgba(0, 0, 0, 0.25), rgba(0, 0, 0, 0.25)), url(&quot;https:\/\/www.oneandonly.photo\/wp-content\/uploads\/2022\/02\/Babybauch_21-3.jpg&quot;);\">\n          <div class=\"u-align-center u-container-align-center u-container-style u-group u-group-1\">\n            <div class=\"u-container-layout\">\n              <h2 class=\"u-custom-font u-font-playfair-display u-text u-text-body-alt-color u-text-1\">Babybauch<\/h2>\n              <p class=\"u-text u-text-body-alt-color u-text-default u-text-2\"> Das Sch\u00f6nste an der Liebe ist, wenn aus zwei Leben&nbsp;<br>ein gemeinsames wird und aus \"Ich und Du\" ein \"Wir\" entsteht \n              <\/p>\n            <\/div>\n          <\/div>\n        <\/div>\n        <div class=\"u-align-center u-carousel-item u-clearfix u-image u-shading u-section-2-5\" data-image-width=\"2914\" data-image-height=\"1943\" style=\"background-image: linear-gradient(0deg, rgba(0, 0, 0, 0.3), rgba(0, 0, 0, 0.3)), url(&quot;https:\/\/www.oneandonly.photo\/wp-content\/uploads\/2022\/02\/Babybauch_Ramona103-3.jpg&quot;);\">\n          <h2 class=\"u-align-center u-custom-font u-font-playfair-display u-text u-text-body-alt-color u-text-1\">Babybauch<\/h2>\n          <p class=\"u-align-center u-text u-text-body-alt-color u-text-2\"> Das Sch\u00f6nste an der Liebe ist, wenn aus zwei Leben&nbsp;<br>ein gemeinsames wird und aus \"Ich und Du\" ein \"Wir\" entsteht \n          <\/p>\n        <\/div>\n      <\/div>\n      <a class=\"u-carousel-control u-carousel-control-prev u-hidden u-text-grey-30 u-block-2f25-3\" href=\"#carousel-6548\" role=\"button\" data-u-slide=\"prev\"><span aria-hidden=\"true\">\n          <svg viewBox=\"0 0 477.175 477.175\"><path d=\"M145.188,238.575l215.5-215.5c5.3-5.3,5.3-13.8,0-19.1s-13.8-5.3-19.1,0l-225.1,225.1c-5.3,5.3-5.3,13.8,0,19.1l225.1,225\n                    c2.6,2.6,6.1,4,9.5,4s6.9-1.3,9.5-4c5.3-5.3,5.3-13.8,0-19.1L145.188,238.575z\"><\/path><\/svg><\/span><span class=\"sr-only\">Previous<\/span>\n      <\/a>\n      <a class=\"u-carousel-control u-carousel-control-next u-hidden u-text-grey-30 u-block-2f25-4\" href=\"#carousel-6548\" role=\"button\" data-u-slide=\"next\"><span aria-hidden=\"true\">\n          <svg viewBox=\"0 0 477.175 477.175\"><path d=\"M360.731,229.075l-225.1-225.1c-5.3-5.3-13.8-5.3-19.1,0s-5.3,13.8,0,19.1l215.5,215.5l-215.5,215.5\n                    c-5.3,5.3-5.3,13.8,0,19.1c2.6,2.6,6.1,4,9.5,4c3.4,0,6.9-1.3,9.5-4l225.1-225.1C365.931,242.875,365.931,234.275,360.731,229.075z\"><\/path><\/svg><\/span><span class=\"sr-only\">Next<\/span>\n      <\/a>\n    <\/section>\n    <section class=\"u-clearfix u-section-3\" id=\"carousel_ac15\">\n      <div class=\"u-custom-color-2 u-expanded-height-lg u-expanded-height-xl u-shape u-shape-rectangle u-shape-1\"><\/div>\n      <div class=\"u-container-style u-custom-color-3 u-group u-group-1\">\n        <div class=\"u-container-layout u-container-layout-1\">\n          <h1 class=\"u-custom-font u-text u-text-custom-color-5 u-text-1\">Das Gl\u00fcck ist auf dem Weg...<\/h1>\n          <p class=\"u-text u-text-custom-color-5 u-text-2\"> Ein Babybauch Shooting ist etwas ganz besonderes, pers\u00f6nliches und intimes.\nIch halte diese einzigartige Zeit der Vorfreude f\u00fcr dich und deinen Partner in wundersch\u00f6nen Bildern fest. Ich arbeite viel mit nat\u00fcrlichem Licht und halte Eure einzigartige Verbindung und Liebe in Bildern fest.&nbsp;<br>\n            <br>Deine Aufnahmen werden von mir professionell retuschiert. Du brauchst dir also keine Gedanken \u00fcber Hautunebenheiten oder Schwangerschaftsstreifen machen - diese Problemchen kennen wir alle und ich werde sie auf Wunsch retuschieren, damit du dich sp\u00e4ter daran nicht st\u00f6ren wirst.&nbsp;<br>\n          <\/p>\n        <\/div>\n      <\/div>\n      <img decoding=\"async\" src=\"https:\/\/www.oneandonly.photo\/wp-content\/uploads\/2022\/02\/Babybauch_Isabell_37-3.jpg\" alt=\"\" class=\"u-image u-image-default u-image-1\" data-image-width=\"5760\" data-image-height=\"3840\">\n      <img decoding=\"async\" src=\"https:\/\/www.oneandonly.photo\/wp-content\/uploads\/2022\/02\/Babybauch_Caro_070-3.jpg\" alt=\"\" class=\"u-image u-image-default u-image-2\" data-image-width=\"3840\" data-image-height=\"5760\">\n    <\/section>\n    <section class=\"skrollable u-align-center u-clearfix u-container-align-center u-image u-parallax u-shading u-section-4\" id=\"sec-77fb\" data-image-width=\"1600\" data-image-height=\"1067\" style=\"background-image: linear-gradient(0deg, rgba(0, 0, 0, 0.3), rgba(0, 0, 0, 0.3)), url(&quot;https:\/\/www.oneandonly.photo\/wp-content\/uploads\/2022\/02\/Babybauch_Leon_53-3.jpg&quot;);\">\n      <div class=\"u-clearfix u-sheet u-valign-middle-lg u-valign-middle-md u-valign-middle-sm u-valign-middle-xl u-sheet-1\">\n        <h1 class=\"u-custom-font u-font-playfair-display u-text u-text-1\">Vom Bauch mitten ins Herz<\/h1>\n      <\/div>\n    <\/section>\n    <section class=\"u-clearfix u-white u-section-5\" id=\"carousel_eb94\">\n      <img decoding=\"async\" class=\"u-expanded-width u-image u-image-1\" src=\"https:\/\/www.oneandonly.photo\/wp-content\/uploads\/2022\/02\/Babybauch_Isabell_391-3.jpg\" data-image-width=\"1600\" data-image-height=\"1067\">\n      <div class=\"u-clearfix u-disable-padding u-gutter-30 u-layout-wrap u-layout-wrap-1\">\n        <div class=\"u-layout\">\n          <div class=\"u-layout-col\">\n            <div class=\"u-size-40 u-size-60-md\">\n              <div class=\"u-layout-row\">\n                <div class=\"u-size-20\">\n                  <div class=\"u-layout-col\">\n                    <div class=\"u-align-left u-container-align-left u-container-style u-custom-color-2 u-layout-cell u-left-cell u-opacity u-opacity-95 u-size-60 u-layout-cell-1\">\n                      <div class=\"u-container-layout u-valign-top-md u-valign-top-sm u-valign-top-xs u-container-layout-1\">\n                        <h5 class=\"u-text u-text-custom-color-5 u-text-1\"><b>Wann ist der richtige Zeitpunkt?<\/b>\n                        <\/h5>\n                        <p class=\"u-text u-text-custom-color-5 u-text-font u-text-2\"> Dein Babybauch sollte zum Zeitpunkt deines Shootings nat\u00fcrlich sch\u00f6n rund sein, aber nicht so rund, dass dein Nachwuchs in jedem Moment kommen k\u00f6nnte. Ich empfehle in der Regel die 32. Schwangerschaftswoche und sp\u00e4testens vor der 35. SSW: Sobald Du diesen Punkt erreichst, f\u00e4ngt es an sich unangenehm zu f\u00fchlen. Jede Bewegung ist harte Arbeit und es ist schwer sich \u201eh\u00fcbsch\u201c zu f\u00fchlen. <\/p>\n                      <\/div>\n                    <\/div>\n                  <\/div>\n                <\/div>\n                <div class=\"u-size-40\">\n                  <div class=\"u-layout-col\">\n                    <div class=\"u-size-30\">\n                      <div class=\"u-layout-row\">\n                        <div class=\"u-align-left u-container-align-left u-container-style u-layout-cell u-right-cell u-shape-rectangle u-similar-fill u-size-60 u-layout-cell-2\" imgwidth=\"1867\" imgheight=\"1620\">\n                          <div class=\"u-container-layout u-container-layout-2\">\n                            <h5 class=\"u-text u-text-custom-color-1 u-text-default u-text-3\"><b>Was soll ich zum Fotoshooting anziehen &amp; mitbringen?<\/b>\n                            <\/h5>\n                            <p class=\"u-text u-text-custom-color-1 u-text-4\"> W\u00e4hle Outfits, in denen Du dich wohl f\u00fchlst und die bequem sind. Die Farben sollten nicht allzu bunt und knallig sein und die Muster eher ruhig. Ob Du ein Kleid, eine Bluse, Unterw\u00e4sche oder auch nichts tr\u00e4gst \u2013 richtig ist, was Du m\u00f6chtest. Es ist dein Babybauch, dein K\u00f6rper, deine Fotos.\nIn meinem Bestand habe ich au\u00dfe\u200brdem eine Auswahl an schlichten Kleidern, die ich dir gerne zur Verf\u00fcgung stelle.<br>Bring mit, was auf das Foto soll: ein Ultraschallbild, Kuscheltier, eine Namenskette etc...&nbsp;<br>Die werdenden Papas und Geschwister d\u00fcrfen auf diesen wertvollen Erinnerungen selbstverst\u00e4ndlich nicht fehlen.&nbsp;<br>\n                            <\/p>\n                          <\/div>\n                        <\/div>\n                      <\/div>\n                    <\/div>\n                    <div class=\"u-size-30\">\n                      <div class=\"u-layout-row\">\n                        <div class=\"u-align-center-sm u-align-center-xs u-align-left-lg u-align-left-md u-align-left-xl u-container-style u-layout-cell u-similar-fill u-size-30 u-layout-cell-3\">\n                          <div class=\"u-container-layout u-valign-middle u-container-layout-3\">\n                            <h1 class=\"u-custom-font u-text u-text-custom-color-3 u-text-5\">Gut zu wissen...<\/h1>\n                          <\/div>\n                        <\/div>\n                        <div class=\"u-align-left u-container-align-left u-container-style u-image u-layout-cell u-right-cell u-size-30 u-image-2\" data-image-width=\"1067\" data-image-height=\"1600\" style=\"background-image: url(&quot;https:\/\/www.oneandonly.photo\/wp-content\/uploads\/2022\/02\/Babybauch-Daniela_047-3.jpg&quot;);\">\n                          <div class=\"u-container-layout u-container-layout-4\"><\/div>\n                        <\/div>\n                      <\/div>\n                    <\/div>\n                  <\/div>\n                <\/div>\n              <\/div>\n            <\/div>\n            <div class=\"u-size-20 u-size-60-md\">\n              <div class=\"u-layout-row\">\n                <div class=\"u-align-left u-container-align-left u-container-style u-image u-layout-cell u-left-cell u-size-20 u-image-3\" data-image-width=\"5760\" data-image-height=\"3840\" style=\"background-image: url(&quot;https:\/\/www.oneandonly.photo\/wp-content\/uploads\/2022\/02\/Babybauch_Ramona138-3.jpg&quot;);\">\n                  <div class=\"u-container-layout u-valign-top u-container-layout-5\"><\/div>\n                <\/div>\n                <div class=\"u-align-left u-container-align-left u-container-style u-layout-cell u-right-cell u-size-40 u-white u-layout-cell-6\">\n                  <div class=\"u-container-layout u-valign-bottom-lg u-valign-top-md u-valign-top-sm u-valign-top-xl u-valign-top-xs u-container-layout-6\">\n                    <h5 class=\"u-text u-text-custom-color-1 u-text-6\"><b>Wo k\u00f6nnen wir fotografieren?<\/b>\n                    <\/h5>\n                    <p class=\"u-text u-text-custom-color-1 u-text-font u-text-7\"> Dein Babybauchshooting kannst Du wirklich \u00fcberall realisieren. Bei mir im Fotostudio, Outdoor oder zu Hause. Der Vorteil des Fotostudios ist die v\u00f6llige Unabh\u00e4ngigkeit vom Wetter und der Jahreszeit. Drau\u00dfen unter freiem Himmel entstehen besonders lebendige, farbenfrohe und stimmungsvolle Bilder, je nach Jahreszeit. Ein Shooting bei dir zu Hause ist entspannt in Deiner gewohnten Umgebung.&nbsp;\nOder hast Du einen Ort, der dir ganz besonders am Herzen liegt?&nbsp;<\/p>\n                  <\/div>\n                <\/div>\n              <\/div>\n            <\/div>\n          <\/div>\n        <\/div>\n      <\/div>\n    <\/section>\n    \n    \n    \n  \n","protected":false},"excerpt":{"rendered":"<p>Babybauch Das Sch\u00f6nste an der Liebe ist, wenn aus zwei Leben&nbsp;ein gemeinsames wird und aus &#8222;Ich und Du&#8220; ein &#8222;\u200bWir&#8220; entsteht Babybauch Das Sch\u00f6nste an der Liebe ist, wenn aus zwei Leben&nbsp;ein gemeinsames wird und aus &#8222;Ich und Du&#8220; ein &#8222;Wir&#8220; entsteht Babybauch Das Sch\u00f6nste an der Liebe ist, wenn aus zwei Leben&nbsp;ein gemeinsames wird &hellip; <a href=\"https:\/\/www.oneandonly.photo\/?page_id=490\" class=\"more-link\">Continue reading<span class=\"screen-reader-text\"> &#8222;Babybauch&#8220;<\/span><\/a><\/p>\n","protected":false},"author":1,"featured_media":0,"parent":0,"menu_order":5,"comment_status":"closed","ping_status":"closed","template":"","meta":{"om_disable_all_campaigns":false,"_monsterinsights_skip_tracking":false,"_monsterinsights_sitenote_active":false,"_monsterinsights_sitenote_note":"","_monsterinsights_sitenote_category":0,"footnotes":""},"class_list":["post-490","page","type-page","status-publish","hentry"],"aioseo_notices":[],"_links":{"self":[{"href":"https:\/\/www.oneandonly.photo\/index.php?rest_route=\/wp\/v2\/pages\/490","targetHints":{"allow":["GET"]}}],"collection":[{"href":"https:\/\/www.oneandonly.photo\/index.php?rest_route=\/wp\/v2\/pages"}],"about":[{"href":"https:\/\/www.oneandonly.photo\/index.php?rest_route=\/wp\/v2\/types\/page"}],"author":[{"embeddable":true,"href":"https:\/\/www.oneandonly.photo\/index.php?rest_route=\/wp\/v2\/users\/1"}],"replies":[{"embeddable":true,"href":"https:\/\/www.oneandonly.photo\/index.php?rest_route=%2Fwp%2Fv2%2Fcomments&post=490"}],"version-history":[{"count":2,"href":"https:\/\/www.oneandonly.photo\/index.php?rest_route=\/wp\/v2\/pages\/490\/revisions"}],"predecessor-version":[{"id":673,"href":"https:\/\/www.oneandonly.photo\/index.php?rest_route=\/wp\/v2\/pages\/490\/revisions\/673"}],"wp:attachment":[{"href":"https:\/\/www.oneandonly.photo\/index.php?rest_route=%2Fwp%2Fv2%2Fmedia&parent=490"}],"curies":[{"name":"wp","href":"https:\/\/api.w.org\/{rel}","templated":true}]}}